{"id":4393,"date":"2025-09-30T17:02:02","date_gmt":"2025-09-30T14:02:02","guid":{"rendered":"https:\/\/thepradoo.com\/ozel-cozumler-yenilikler"},"modified":"2025-10-04T14:34:03","modified_gmt":"2025-10-04T11:34:03","slug":"bespoke-solutions-innovation","status":"publish","type":"page","link":"https:\/\/thepradoo.com\/en\/bespoke-solutions-innovation","title":{"rendered":"Bespoke Solutions &#038; Innovation"},"content":{"rendered":"<style>.elementor-4393 .elementor-element.elementor-element-1adec767{--display:flex;--flex-direction:column;--container-widget-width:100%;--container-widget-height:initial;--container-widget-flex-grow:0;--container-widget-align-self:initial;--flex-wrap-mobile:wrap;--overlay-opacity:0.5;--margin-top:0px;--margin-bottom:0px;--margin-left:0px;--margin-right:0px;--padding-top:13rem;--padding-bottom:6rem;--padding-left:1rem;--padding-right:1rem;overflow:visible;}.elementor-4393 .elementor-element.elementor-element-1adec767:not(.elementor-motion-effects-element-type-background), .elementor-4393 .elementor-element.elementor-element-1adec767 > .elementor-motion-effects-container > .elementor-motion-effects-layer{background-image:url(\"https:\/\/thepradoo.com\/wp-content\/uploads\/2025\/09\/hakkimizda-1.webp\");background-position:center center;background-repeat:no-repeat;background-size:cover;}.elementor-4393 .elementor-element.elementor-element-1adec767::before, .elementor-4393 .elementor-element.elementor-element-1adec767 > .elementor-background-video-container::before, .elementor-4393 .elementor-element.elementor-element-1adec767 > .e-con-inner > .elementor-background-video-container::before, .elementor-4393 .elementor-element.elementor-element-1adec767 > .elementor-background-slideshow::before, .elementor-4393 .elementor-element.elementor-element-1adec767 > .e-con-inner > .elementor-background-slideshow::before, .elementor-4393 .elementor-element.elementor-element-1adec767 > .elementor-motion-effects-container > .elementor-motion-effects-layer::before{--background-overlay:'';background-color:var( --e-global-color-secondary );}.elementor-4393 .elementor-element.elementor-element-72c234a7{--display:flex;overflow:visible;}.elementor-4393 .elementor-element.elementor-element-68dee995 .elementor-heading-title{font-family:\"Gilda Display\", Sans-serif;font-size:40px;font-weight:700;text-transform:capitalize;}.elementor-4393 .elementor-element.elementor-element-5cd30cbb .elementor-icon-list-items:not(.elementor-inline-items) .elementor-icon-list-item:not(:last-child){padding-block-end:calc(20px\/2);}.elementor-4393 .elementor-element.elementor-element-5cd30cbb .elementor-icon-list-items:not(.elementor-inline-items) .elementor-icon-list-item:not(:first-child){margin-block-start:calc(20px\/2);}.elementor-4393 .elementor-element.elementor-element-5cd30cbb .elementor-icon-list-items.elementor-inline-items .elementor-icon-list-item{margin-inline:calc(20px\/2);}.elementor-4393 .elementor-element.elementor-element-5cd30cbb .elementor-icon-list-items.elementor-inline-items{margin-inline:calc(-20px\/2);}.elementor-4393 .elementor-element.elementor-element-5cd30cbb .elementor-icon-list-items.elementor-inline-items .elementor-icon-list-item:after{inset-inline-end:calc(-20px\/2);}.elementor-4393 .elementor-element.elementor-element-5cd30cbb .elementor-icon-list-icon i{color:var( --e-global-color-primary );transition:color 0.3s;}.elementor-4393 .elementor-element.elementor-element-5cd30cbb .elementor-icon-list-icon svg{fill:var( --e-global-color-primary );transition:fill 0.3s;}.elementor-4393 .elementor-element.elementor-element-5cd30cbb{--e-icon-list-icon-size:14px;--icon-vertical-offset:0px;}.elementor-4393 .elementor-element.elementor-element-5cd30cbb .elementor-icon-list-icon{padding-inline-end:10px;}.elementor-4393 .elementor-element.elementor-element-5cd30cbb .elementor-icon-list-text{color:var( --e-global-color-primary );transition:color 0.3s;}.elementor-4393 .elementor-element.elementor-element-5cd30cbb .elementor-icon-list-item:hover .elementor-icon-list-text{color:var( --e-global-color-accent );}.elementor-4393 .elementor-element.elementor-element-bcdaf10{--display:flex;--min-height:89px;--flex-direction:column;--container-widget-width:100%;--container-widget-height:initial;--container-widget-flex-grow:0;--container-widget-align-self:initial;--flex-wrap-mobile:wrap;--justify-content:center;overflow:visible;}.elementor-4393 .elementor-element.elementor-element-23e9873{text-align:center;margin:0px 0px calc(var(--kit-widget-spacing, 0px) + 0px) 0px;padding:0px 0px 0px 0px;}.elementor-4393 .elementor-element.elementor-element-23e9873 .elementor-heading-title{font-size:27px;}.elementor-4393 .elementor-element.elementor-element-c4ab568{--display:grid;--e-con-grid-template-columns:repeat(2, 1fr);--e-con-grid-template-rows:repeat(1, 1fr);--grid-auto-flow:row;overflow:visible;}.elementor-4393 .elementor-element.elementor-element-8615e60{--display:flex;--min-height:0px;--flex-direction:column;--container-widget-width:100%;--container-widget-height:initial;--container-widget-flex-grow:0;--container-widget-align-self:initial;--flex-wrap-mobile:wrap;--justify-content:space-between;--margin-top:0px;--margin-bottom:50px;--margin-left:0px;--margin-right:0px;--padding-top:0px;--padding-bottom:0px;--padding-left:0px;--padding-right:0px;overflow:visible;}.elementor-4393 .elementor-element.elementor-element-8615e60.e-con{--align-self:stretch;}.elementor-4393 .elementor-element.elementor-element-3da3b4c img{width:100%;border-radius:12px 12px 12px 12px;}.elementor-4393 .elementor-element.elementor-element-3da3b4c{margin:3px 3px calc(var(--kit-widget-spacing, 0px) + 3px) 3px;border-radius:0px 0px 0px 0px;}.elementor-4393 .elementor-element.elementor-element-472d75f{text-align:center;}.elementor-4393 .elementor-element.elementor-element-472d75f .elementor-heading-title{font-size:21px;}.elementor-4393 .elementor-element.elementor-element-cbaeab6 .jeg-elementor-kit.jkit-button{text-align:center;}.elementor-4393 .elementor-element.elementor-element-cbaeab6 .jeg-elementor-kit.jkit-button .jkit-button-wrapper{font-size:16px;font-weight:500;font-style:normal;text-decoration:none;color:var( --e-global-color-text );background-color:var( --e-global-color-accent );box-shadow:0px 0px 10px 0px rgba(117.97734375, 117.97734375, 117.97734375, 0.5);}.elementor-4393 .elementor-element.elementor-element-cbaeab6 .jeg-elementor-kit.jkit-button .jkit-button-wrapper svg{fill:var( --e-global-color-text );}.elementor-4393 .elementor-element.elementor-element-cbaeab6 .jeg-elementor-kit.jkit-button .jkit-button-wrapper:hover{color:var( --e-global-color-primary );}.elementor-4393 .elementor-element.elementor-element-cbaeab6 .jeg-elementor-kit.jkit-button .jkit-button-wrapper:hover svg{fill:var( --e-global-color-primary );}.elementor-4393 .elementor-element.elementor-element-cbaeab6 .jeg-elementor-kit.jkit-button .jkit-button-wrapper:not(.hover-gradient):hover, .elementor-4393 .elementor-element.elementor-element-cbaeab6 .jeg-elementor-kit.jkit-button .jkit-button-wrapper.hover-gradient:before{background-color:var( --e-global-color-1cf05bf );}.elementor-4393 .elementor-element.elementor-element-cbaeab6 .jeg-elementor-kit.jkit-button.icon-position-before .jkit-button-wrapper i, .elementor-4393 .elementor-element.elementor-element-cbaeab6 .jeg-elementor-kit.jkit-button.icon-position-before .jkit-button-wrapper svg{margin-right:5px;}.elementor-4393 .elementor-element.elementor-element-cbaeab6 .jeg-elementor-kit.jkit-button.icon-position-after .jkit-button-wrapper i, .elementor-4393 .elementor-element.elementor-element-cbaeab6 .jeg-elementor-kit.jkit-button.icon-position-after .jkit-button-wrapper svg{margin-left:5px;}.elementor-4393 .elementor-element.elementor-element-cbaeab6{margin:0px 0px calc(var(--kit-widget-spacing, 0px) + 0px) 0px;}.elementor-4393 .elementor-element.elementor-element-8078c5f{--display:flex;--min-height:0px;--flex-direction:column;--container-widget-width:100%;--container-widget-height:initial;--container-widget-flex-grow:0;--container-widget-align-self:initial;--flex-wrap-mobile:wrap;--justify-content:space-between;--margin-top:0px;--margin-bottom:50px;--margin-left:0px;--margin-right:0px;--padding-top:0px;--padding-bottom:0px;--padding-left:0px;--padding-right:0px;overflow:visible;}.elementor-4393 .elementor-element.elementor-element-8078c5f.e-con{--align-self:stretch;}.elementor-4393 .elementor-element.elementor-element-d3d6cfc img{width:100%;border-radius:12px 12px 12px 12px;}.elementor-4393 .elementor-element.elementor-element-d3d6cfc{margin:3px 3px calc(var(--kit-widget-spacing, 0px) + 3px) 3px;border-radius:0px 0px 0px 0px;}.elementor-4393 .elementor-element.elementor-element-8427cfa{text-align:center;}.elementor-4393 .elementor-element.elementor-element-8427cfa .elementor-heading-title{font-size:21px;}.elementor-4393 .elementor-element.elementor-element-5b531a1 .jeg-elementor-kit.jkit-button{text-align:center;}.elementor-4393 .elementor-element.elementor-element-5b531a1 .jeg-elementor-kit.jkit-button .jkit-button-wrapper{font-size:16px;font-weight:500;font-style:normal;text-decoration:none;color:var( --e-global-color-text );background-color:var( --e-global-color-accent );box-shadow:0px 0px 10px 0px rgba(117.97734375, 117.97734375, 117.97734375, 0.5);}.elementor-4393 .elementor-element.elementor-element-5b531a1 .jeg-elementor-kit.jkit-button .jkit-button-wrapper svg{fill:var( --e-global-color-text );}.elementor-4393 .elementor-element.elementor-element-5b531a1 .jeg-elementor-kit.jkit-button .jkit-button-wrapper:hover{color:var( --e-global-color-primary );}.elementor-4393 .elementor-element.elementor-element-5b531a1 .jeg-elementor-kit.jkit-button .jkit-button-wrapper:hover svg{fill:var( --e-global-color-primary );}.elementor-4393 .elementor-element.elementor-element-5b531a1 .jeg-elementor-kit.jkit-button .jkit-button-wrapper:not(.hover-gradient):hover, .elementor-4393 .elementor-element.elementor-element-5b531a1 .jeg-elementor-kit.jkit-button .jkit-button-wrapper.hover-gradient:before{background-color:var( --e-global-color-1cf05bf );}.elementor-4393 .elementor-element.elementor-element-5b531a1 .jeg-elementor-kit.jkit-button.icon-position-before .jkit-button-wrapper i, .elementor-4393 .elementor-element.elementor-element-5b531a1 .jeg-elementor-kit.jkit-button.icon-position-before .jkit-button-wrapper svg{margin-right:5px;}.elementor-4393 .elementor-element.elementor-element-5b531a1 .jeg-elementor-kit.jkit-button.icon-position-after .jkit-button-wrapper i, .elementor-4393 .elementor-element.elementor-element-5b531a1 .jeg-elementor-kit.jkit-button.icon-position-after .jkit-button-wrapper svg{margin-left:5px;}.elementor-4393 .elementor-element.elementor-element-5b531a1{margin:0px 0px calc(var(--kit-widget-spacing, 0px) + 0px) 0px;}.elementor-4393 .elementor-element.elementor-element-1750dfb4{--display:flex;--flex-direction:column;--container-widget-width:calc( ( 1 - var( --container-widget-flex-grow ) ) * 100% );--container-widget-height:initial;--container-widget-flex-grow:0;--container-widget-align-self:initial;--flex-wrap-mobile:wrap;--align-items:stretch;--gap:10px 10px;--row-gap:10px;--column-gap:10px;--padding-top:30px;--padding-bottom:30px;--padding-left:15px;--padding-right:15px;overflow:visible;}.elementor-4393 .elementor-element.elementor-element-1750dfb4:not(.elementor-motion-effects-element-type-background), .elementor-4393 .elementor-element.elementor-element-1750dfb4 > .elementor-motion-effects-container > .elementor-motion-effects-layer{background-color:transparent;background-image:linear-gradient(180deg, #FAF7F2 0%, #FFFFFF 100%);}.elementor-4393 .elementor-element.elementor-element-5e95808e{text-align:center;}.elementor-4393 .elementor-element.elementor-element-5e95808e .elementor-heading-title{letter-spacing:1px;color:var( --e-global-color-1cf05bf );}.elementor-4393 .elementor-element.elementor-element-61a97465 .ekit-btn-wraper .elementskit-btn{justify-content:flex-end;}.elementor-4393 .elementor-element.elementor-element-61a97465 .elementskit-btn{padding:21px 55px 21px 55px;font-family:\"Lato\", Sans-serif;font-size:15px;font-weight:700;text-transform:uppercase;color:var( --e-global-color-1cf05bf );fill:var( --e-global-color-1cf05bf );background-color:var( --e-global-color-primary );border-style:solid;border-width:2px 2px 2px 2px;border-color:var( --e-global-color-1cf05bf );border-radius:7px 7px 7px 7px;}.elementor-4393 .elementor-element.elementor-element-61a97465 .elementskit-btn:hover{color:var( --e-global-color-1cf05bf );fill:var( --e-global-color-1cf05bf );background-color:var( --e-global-color-primary );}.elementor-4393 .elementor-element.elementor-element-61a97465 .elementskit-btn > :is(i, svg){font-size:14px;}.elementor-4393 .elementor-element.elementor-element-61a97465 .elementskit-btn > i, .elementor-4393 .elementor-element.elementor-element-61a97465 .elementskit-btn > svg{margin-left:5px;}.rtl .elementor-4393 .elementor-element.elementor-element-61a97465 .elementskit-btn > i, .rtl .elementor-4393 .elementor-element.elementor-element-61a97465 .elementskit-btn > svg{margin-left:0;margin-right:5px;}.elementor-4393 .elementor-element.elementor-element-61a97465{margin:10px 0px calc(var(--kit-widget-spacing, 0px) + 0px) 0px;}.elementor-4393 .elementor-element.elementor-element-61a97465.elementor-element{--align-self:center;}.elementor-4393 .elementor-element.elementor-element-3abcf957 img{width:19%;}.elementor-4393 .elementor-element.elementor-element-3abcf957{margin:2em 0em calc(var(--kit-widget-spacing, 0px) + 0em) 0em;}:root{--page-title-display:none;}@media(min-width:768px){.elementor-4393 .elementor-element.elementor-element-72c234a7{--width:70%;}.elementor-4393 .elementor-element.elementor-element-c4ab568{--content-width:848px;}.elementor-4393 .elementor-element.elementor-element-8615e60{--width:100%;}.elementor-4393 .elementor-element.elementor-element-8078c5f{--width:100%;}}@media(max-width:1024px){.elementor-4393 .elementor-element.elementor-element-68dee995 .elementor-heading-title{font-size:2.25rem;}.elementor-4393 .elementor-element.elementor-element-c4ab568{--grid-auto-flow:row;}.elementor-4393 .elementor-element.elementor-element-61a97465{width:100%;max-width:100%;}}@media(max-width:767px){.elementor-4393 .elementor-element.elementor-element-68dee995 .elementor-heading-title{font-size:2rem;line-height:1.4em;}.elementor-4393 .elementor-element.elementor-element-23e9873 .elementor-heading-title{font-size:17px;}.elementor-4393 .elementor-element.elementor-element-c4ab568{--e-con-grid-template-columns:repeat(1, 1fr);--grid-auto-flow:row;}.elementor-4393 .elementor-element.elementor-element-472d75f .elementor-heading-title{font-size:19px;}.elementor-4393 .elementor-element.elementor-element-8427cfa .elementor-heading-title{font-size:19px;}.elementor-4393 .elementor-element.elementor-element-61a97465 .ekit-btn-wraper .elementskit-btn{justify-content:center;}.elementor-4393 .elementor-element.elementor-element-61a97465{width:auto;max-width:auto;}}<\/style>\t\t<div data-elementor-type=\"wp-page\" data-elementor-id=\"4393\" class=\"elementor elementor-4393 elementor-3054\" data-elementor-post-type=\"page\">\n\t\t\t\t<div data-particle_enable=\"false\" data-particle-mobile-disabled=\"false\" class=\"elementor-element elementor-element-1adec767 e-flex e-con-boxed e-con e-parent\" data-id=\"1adec767\" data-element_type=\"container\" data-e-type=\"container\" data-settings=\"{&quot;background_background&quot;:&quot;classic&quot;,&quot;ekit_has_onepagescroll_dot&quot;:&quot;yes&quot;}\">\n\t\t\t\t\t<div class=\"e-con-inner\">\n\t\t<div data-particle_enable=\"false\" data-particle-mobile-disabled=\"false\" class=\"elementor-element elementor-element-72c234a7 e-con-full e-flex e-con e-child\" data-id=\"72c234a7\" data-element_type=\"container\" data-e-type=\"container\" data-settings=\"{&quot;ekit_has_onepagescroll_dot&quot;:&quot;yes&quot;}\">\n\t\t\t\t<div class=\"elementor-element elementor-element-68dee995 elementor-widget elementor-widget-heading\" data-id=\"68dee995\" data-element_type=\"widget\" data-e-type=\"widget\" data-settings=\"{&quot;ekit_we_effect_on&quot;:&quot;none&quot;}\" data-widget_type=\"heading.default\">\n\t\t\t\t\t<h1 class=\"elementor-heading-title elementor-size-default\">Bespoke Solutions &#038; Innovation<\/h1>\t\t\t\t<\/div>\n\t\t\t\t<div class=\"elementor-element elementor-element-5cd30cbb elementor-icon-list--layout-inline elementor-list-item-link-full_width elementor-widget elementor-widget-icon-list\" data-id=\"5cd30cbb\" data-element_type=\"widget\" data-e-type=\"widget\" data-settings=\"{&quot;ekit_we_effect_on&quot;:&quot;none&quot;}\" data-widget_type=\"icon-list.default\">\n\t\t\t\t\t\t\t<ul class=\"elementor-icon-list-items elementor-inline-items\">\n\t\t\t\t\t\t\t<li class=\"elementor-icon-list-item elementor-inline-item\">\n\t\t\t\t\t\t\t\t\t\t\t<a href=\"https:\/\/thepradoo.com\/en\">\n\n\t\t\t\t\t\t\t\t\t\t\t<span class=\"elementor-icon-list-text\">Homepage<\/span>\n\t\t\t\t\t\t\t\t\t\t\t<\/a>\n\t\t\t\t\t\t\t\t\t<\/li>\n\t\t\t\t\t\t\t\t<li class=\"elementor-icon-list-item elementor-inline-item\">\n\t\t\t\t\t\t\t\t\t\t\t<span class=\"elementor-icon-list-icon\">\n\t\t\t\t\t\t\t<i aria-hidden=\"true\" class=\"icon icon-right-arrow\"><\/i>\t\t\t\t\t\t<\/span>\n\t\t\t\t\t\t\t\t\t\t<span class=\"elementor-icon-list-text\"><\/span>\n\t\t\t\t\t\t\t\t\t<\/li>\n\t\t\t\t\t\t<\/ul>\n\t\t\t\t\t\t<\/div>\n\t\t\t\t<\/div>\n\t\t\t\t\t<\/div>\n\t\t\t\t<\/div>\n\t\t<div data-particle_enable=\"false\" data-particle-mobile-disabled=\"false\" class=\"elementor-element elementor-element-bcdaf10 e-flex e-con-boxed e-con e-parent\" data-id=\"bcdaf10\" data-element_type=\"container\" data-e-type=\"container\" data-settings=\"{&quot;ekit_has_onepagescroll_dot&quot;:&quot;yes&quot;}\">\n\t\t\t\t\t<div class=\"e-con-inner\">\n\t\t\t\t<div class=\"elementor-element elementor-element-23e9873 elementor-widget elementor-widget-heading\" data-id=\"23e9873\" data-element_type=\"widget\" data-e-type=\"widget\" data-settings=\"{&quot;ekit_we_effect_on&quot;:&quot;none&quot;}\" data-widget_type=\"heading.default\">\n\t\t\t\t\t<h2 class=\"elementor-heading-title elementor-size-default\">We Offer White-Label Products and Niche Solutions<\/h2>\t\t\t\t<\/div>\n\t\t\t\t\t<\/div>\n\t\t\t\t<\/div>\n\t\t<div data-particle_enable=\"false\" data-particle-mobile-disabled=\"false\" class=\"elementor-element elementor-element-c4ab568 e-grid e-con-boxed e-con e-parent\" data-id=\"c4ab568\" data-element_type=\"container\" data-e-type=\"container\" data-settings=\"{&quot;ekit_has_onepagescroll_dot&quot;:&quot;yes&quot;}\">\n\t\t\t\t\t<div class=\"e-con-inner\">\n\t\t<div data-particle_enable=\"false\" data-particle-mobile-disabled=\"false\" class=\"elementor-element elementor-element-8615e60 e-con-full e-flex e-con e-child\" data-id=\"8615e60\" data-element_type=\"container\" data-e-type=\"container\" data-settings=\"{&quot;ekit_has_onepagescroll_dot&quot;:&quot;yes&quot;}\">\n\t\t\t\t<div class=\"elementor-element elementor-element-3da3b4c elementor-widget elementor-widget-image\" data-id=\"3da3b4c\" data-element_type=\"widget\" data-e-type=\"widget\" data-settings=\"{&quot;ekit_we_effect_on&quot;:&quot;none&quot;}\" data-widget_type=\"image.default\">\n\t\t\t\t\t\t\t\t\t\t\t\t\t\t\t<img fetchpriority=\"high\" decoding=\"async\" width=\"400\" height=\"300\" src=\"https:\/\/thepradoo.com\/wp-content\/uploads\/2025\/09\/Otel-AI-Program-Gelistirme-Danismanligi-.webp\" class=\"attachment-full size-full wp-image-3349\" alt=\"Otel AI Program Geli\u015ftirme Dan\u0131\u015fmanl\u0131\u011f\u0131\" srcset=\"https:\/\/thepradoo.com\/wp-content\/uploads\/2025\/09\/Otel-AI-Program-Gelistirme-Danismanligi-.webp 400w, https:\/\/thepradoo.com\/wp-content\/uploads\/2025\/09\/Otel-AI-Program-Gelistirme-Danismanligi--300x225.webp 300w\" sizes=\"(max-width: 400px) 100vw, 400px\" title=\"\">\t\t\t\t\t\t\t\t\t\t\t\t\t\t\t<\/div>\n\t\t\t\t<div class=\"elementor-element elementor-element-472d75f elementor-widget elementor-widget-heading\" data-id=\"472d75f\" data-element_type=\"widget\" data-e-type=\"widget\" data-settings=\"{&quot;ekit_we_effect_on&quot;:&quot;none&quot;}\" data-widget_type=\"heading.default\">\n\t\t\t\t\t<h2 class=\"elementor-heading-title elementor-size-default\">Hotel AI Program Development Consulting<\/h2>\t\t\t\t<\/div>\n\t\t\t\t<div class=\"elementor-element elementor-element-cbaeab6 elementor-widget elementor-widget-jkit_button\" data-id=\"cbaeab6\" data-element_type=\"widget\" data-e-type=\"widget\" data-settings=\"{&quot;ekit_we_effect_on&quot;:&quot;none&quot;}\" data-widget_type=\"jkit_button.default\">\n\t\t\t\t\t<div  class=\"jeg-elementor-kit jkit-button  icon-position-before jeg_module___6a04f4fe0394a\" ><a href=\"https:\/\/thePRAD\u24deo.com\/otel-ai-program-gelistirme-danismanligi\/\" class=\"jkit-button-wrapper\">Learn More<\/a><\/div>\t\t\t\t<\/div>\n\t\t\t\t<\/div>\n\t\t<div data-particle_enable=\"false\" data-particle-mobile-disabled=\"false\" class=\"elementor-element elementor-element-8078c5f e-con-full e-flex e-con e-child\" data-id=\"8078c5f\" data-element_type=\"container\" data-e-type=\"container\" data-settings=\"{&quot;ekit_has_onepagescroll_dot&quot;:&quot;yes&quot;}\">\n\t\t\t\t<div class=\"elementor-element elementor-element-d3d6cfc elementor-widget elementor-widget-image\" data-id=\"d3d6cfc\" data-element_type=\"widget\" data-e-type=\"widget\" data-settings=\"{&quot;ekit_we_effect_on&quot;:&quot;none&quot;}\" data-widget_type=\"image.default\">\n\t\t\t\t\t\t\t\t\t\t\t\t\t\t\t<img decoding=\"async\" width=\"400\" height=\"300\" src=\"https:\/\/thepradoo.com\/wp-content\/uploads\/2025\/09\/1-1.webp\" class=\"attachment-full size-full wp-image-3411\" alt=\"\" srcset=\"https:\/\/thepradoo.com\/wp-content\/uploads\/2025\/09\/1-1.webp 400w, https:\/\/thepradoo.com\/wp-content\/uploads\/2025\/09\/1-1-300x225.webp 300w\" sizes=\"(max-width: 400px) 100vw, 400px\" title=\"\">\t\t\t\t\t\t\t\t\t\t\t\t\t\t\t<\/div>\n\t\t\t\t<div class=\"elementor-element elementor-element-8427cfa elementor-widget elementor-widget-heading\" data-id=\"8427cfa\" data-element_type=\"widget\" data-e-type=\"widget\" data-settings=\"{&quot;ekit_we_effect_on&quot;:&quot;none&quot;}\" data-widget_type=\"heading.default\">\n\t\t\t\t\t<h2 class=\"elementor-heading-title elementor-size-default\">Pradoo Products<\/h2>\t\t\t\t<\/div>\n\t\t\t\t<div class=\"elementor-element elementor-element-5b531a1 elementor-widget elementor-widget-jkit_button\" data-id=\"5b531a1\" data-element_type=\"widget\" data-e-type=\"widget\" data-settings=\"{&quot;ekit_we_effect_on&quot;:&quot;none&quot;}\" data-widget_type=\"jkit_button.default\">\n\t\t\t\t\t<div  class=\"jeg-elementor-kit jkit-button  icon-position-before jeg_module__1_6a04f4fe0596c\" ><a href=\"https:\/\/thePRAD\u24deo.com\/PRAD\u24deo-produx\" class=\"jkit-button-wrapper\">Learn More<\/a><\/div>\t\t\t\t<\/div>\n\t\t\t\t<\/div>\n\t\t\t\t\t<\/div>\n\t\t\t\t<\/div>\n\t\t<div data-particle_enable=\"false\" data-particle-mobile-disabled=\"false\" class=\"elementor-element elementor-element-1750dfb4 e-flex e-con-boxed e-con e-parent\" data-id=\"1750dfb4\" data-element_type=\"container\" data-e-type=\"container\" data-settings=\"{&quot;background_background&quot;:&quot;gradient&quot;,&quot;ekit_has_onepagescroll_dot&quot;:&quot;yes&quot;}\">\n\t\t\t\t\t<div class=\"e-con-inner\">\n\t\t\t\t<div class=\"elementor-element elementor-element-5e95808e elementor-widget elementor-widget-heading\" data-id=\"5e95808e\" data-element_type=\"widget\" data-e-type=\"widget\" data-settings=\"{&quot;ekit_we_effect_on&quot;:&quot;none&quot;}\" data-widget_type=\"heading.default\">\n\t\t\t\t\t<h2 class=\"elementor-heading-title elementor-size-default\">Accelerate Your Investment with End-to-End Solutions<\/h2>\t\t\t\t<\/div>\n\t\t\t\t<div class=\"elementor-element elementor-element-61a97465 elementor-align-right elementor-align--mobilecenter elementor-widget-tablet__width-inherit elementor-widget-mobile__width-auto elementor-widget elementor-widget-elementskit-button\" data-id=\"61a97465\" data-element_type=\"widget\" data-e-type=\"widget\" data-settings=\"{&quot;ekit_we_effect_on&quot;:&quot;none&quot;}\" data-widget_type=\"elementskit-button.default\">\n\t\t\t\t\t<div class=\"ekit-wid-con\" >\t\t<div class=\"ekit-btn-wraper\">\n\t\t\t\t\t\t\t<a href=\"https:\/\/thePRAD\u24deo.com\/en\/contact-us\" class=\"elementskit-btn  whitespace--normal\" id=\"\">\n\t\t\t\t\tGet a Quote<i class=\"fasicon icon-right-arrow\"><\/i>\t\t\t\t<\/a>\n\t\t\t\t\t<\/div>\n        <\/div>\t\t\t\t<\/div>\n\t\t\t\t<div class=\"elementor-element elementor-element-3abcf957 elementor-widget elementor-widget-image\" data-id=\"3abcf957\" data-element_type=\"widget\" data-e-type=\"widget\" data-settings=\"{&quot;ekit_we_effect_on&quot;:&quot;none&quot;}\" data-widget_type=\"image.default\">\n\t\t\t\t\t\t\t\t\t\t\t\t\t\t\t<img decoding=\"async\" width=\"600\" height=\"150\" src=\"https:\/\/thepradoo.com\/wp-content\/uploads\/2025\/10\/All-Services.webp\" class=\"attachment-full size-full wp-image-4179\" alt=\"All-Services\" srcset=\"https:\/\/thepradoo.com\/wp-content\/uploads\/2025\/10\/All-Services.webp 600w, https:\/\/thepradoo.com\/wp-content\/uploads\/2025\/10\/All-Services-300x75.webp 300w\" sizes=\"(max-width: 600px) 100vw, 600px\" title=\"\">\t\t\t\t\t\t\t\t\t\t\t\t\t\t\t<\/div>\n\t\t\t\t\t<\/div>\n\t\t\t\t<\/div>\n\t\t\t\t<\/div>\n\t\t","protected":false},"excerpt":{"rendered":"<p>From concept to execution, PRAD\u24de crafts tailor-made hospitality solutions that blend creativity, technology, and strategy to give your hotel a competitive edge.<\/p>\n","protected":false},"author":2,"featured_media":3410,"parent":0,"menu_order":0,"comment_status":"closed","ping_status":"closed","template":"","meta":{"footnotes":""},"class_list":["post-4393","page","type-page","status-publish","has-post-thumbnail","hentry"],"_links":{"self":[{"href":"https:\/\/thepradoo.com\/en\/wp-json\/wp\/v2\/pages\/4393","targetHints":{"allow":["GET"]}}],"collection":[{"href":"https:\/\/thepradoo.com\/en\/wp-json\/wp\/v2\/pages"}],"about":[{"href":"https:\/\/thepradoo.com\/en\/wp-json\/wp\/v2\/types\/page"}],"author":[{"embeddable":true,"href":"https:\/\/thepradoo.com\/en\/wp-json\/wp\/v2\/users\/2"}],"replies":[{"embeddable":true,"href":"https:\/\/thepradoo.com\/en\/wp-json\/wp\/v2\/comments?post=4393"}],"version-history":[{"count":5,"href":"https:\/\/thepradoo.com\/en\/wp-json\/wp\/v2\/pages\/4393\/revisions"}],"predecessor-version":[{"id":4399,"href":"https:\/\/thepradoo.com\/en\/wp-json\/wp\/v2\/pages\/4393\/revisions\/4399"}],"wp:featuredmedia":[{"embeddable":true,"href":"https:\/\/thepradoo.com\/en\/wp-json\/wp\/v2\/media\/3410"}],"wp:attachment":[{"href":"https:\/\/thepradoo.com\/en\/wp-json\/wp\/v2\/media?parent=4393"}],"curies":[{"name":"wp","href":"https:\/\/api.w.org\/{rel}","templated":true}]}}