{"id":4055,"date":"2025-09-23T07:17:29","date_gmt":"2025-09-23T04:17:29","guid":{"rendered":"https:\/\/thepradoo.com\/hotel-project-design-consultancy"},"modified":"2025-10-06T17:38:14","modified_gmt":"2025-10-06T14:38:14","slug":"hotel-project-design-consultancy","status":"publish","type":"page","link":"https:\/\/thepradoo.com\/en\/hotel-project-design-consultancy","title":{"rendered":"Hotel Project Design Consultancy"},"content":{"rendered":"<style>.elementor-4055 .elementor-element.elementor-element-2f6943c8{--display:flex;--flex-direction:column;--container-widget-width:100%;--container-widget-height:initial;--container-widget-flex-grow:0;--container-widget-align-self:initial;--flex-wrap-mobile:wrap;--overlay-opacity:0.5;--margin-top:0px;--margin-bottom:0px;--margin-left:0px;--margin-right:0px;--padding-top:8rem;--padding-bottom:6rem;--padding-left:1rem;--padding-right:1rem;overflow:visible;}.elementor-4055 .elementor-element.elementor-element-2f6943c8:not(.elementor-motion-effects-element-type-background), .elementor-4055 .elementor-element.elementor-element-2f6943c8 > .elementor-motion-effects-container > .elementor-motion-effects-layer{background-image:url(\"https:\/\/thepradoo.com\/wp-content\/uploads\/2025\/09\/planlama2.webp\");background-position:center center;background-repeat:no-repeat;background-size:cover;}.elementor-4055 .elementor-element.elementor-element-2f6943c8::before, .elementor-4055 .elementor-element.elementor-element-2f6943c8 > .elementor-background-video-container::before, .elementor-4055 .elementor-element.elementor-element-2f6943c8 > .e-con-inner > .elementor-background-video-container::before, .elementor-4055 .elementor-element.elementor-element-2f6943c8 > .elementor-background-slideshow::before, .elementor-4055 .elementor-element.elementor-element-2f6943c8 > .e-con-inner > .elementor-background-slideshow::before, .elementor-4055 .elementor-element.elementor-element-2f6943c8 > .elementor-motion-effects-container > .elementor-motion-effects-layer::before{--background-overlay:'';background-color:var( --e-global-color-secondary );}.elementor-4055 .elementor-element.elementor-element-61de37ac{--display:flex;overflow:visible;}.elementor-4055 .elementor-element.elementor-element-4f3357b7 .elementor-heading-title{font-family:var( --e-global-typography-13a1989-font-family ), Sans-serif;font-size:var( --e-global-typography-13a1989-font-size );font-weight:var( --e-global-typography-13a1989-font-weight );text-transform:var( --e-global-typography-13a1989-text-transform );line-height:var( --e-global-typography-13a1989-line-height );letter-spacing:var( --e-global-typography-13a1989-letter-spacing );word-spacing:var( --e-global-typography-13a1989-word-spacing );}.elementor-4055 .elementor-element.elementor-element-674025b5 .elementor-icon-list-items:not(.elementor-inline-items) .elementor-icon-list-item:not(:last-child){padding-block-end:calc(20px\/2);}.elementor-4055 .elementor-element.elementor-element-674025b5 .elementor-icon-list-items:not(.elementor-inline-items) .elementor-icon-list-item:not(:first-child){margin-block-start:calc(20px\/2);}.elementor-4055 .elementor-element.elementor-element-674025b5 .elementor-icon-list-items.elementor-inline-items .elementor-icon-list-item{margin-inline:calc(20px\/2);}.elementor-4055 .elementor-element.elementor-element-674025b5 .elementor-icon-list-items.elementor-inline-items{margin-inline:calc(-20px\/2);}.elementor-4055 .elementor-element.elementor-element-674025b5 .elementor-icon-list-items.elementor-inline-items .elementor-icon-list-item:after{inset-inline-end:calc(-20px\/2);}.elementor-4055 .elementor-element.elementor-element-674025b5 .elementor-icon-list-icon i{color:var( --e-global-color-primary );transition:color 0.3s;}.elementor-4055 .elementor-element.elementor-element-674025b5 .elementor-icon-list-icon svg{fill:var( --e-global-color-primary );transition:fill 0.3s;}.elementor-4055 .elementor-element.elementor-element-674025b5{--e-icon-list-icon-size:14px;--icon-vertical-offset:0px;}.elementor-4055 .elementor-element.elementor-element-674025b5 .elementor-icon-list-icon{padding-inline-end:10px;}.elementor-4055 .elementor-element.elementor-element-674025b5 .elementor-icon-list-text{color:var( --e-global-color-primary );transition:color 0.3s;}.elementor-4055 .elementor-element.elementor-element-674025b5 .elementor-icon-list-item:hover .elementor-icon-list-text{color:var( --e-global-color-accent );}.elementor-4055 .elementor-element.elementor-element-7e82bc5{--display:grid;--e-con-grid-template-columns:repeat(2, 1fr);--e-con-grid-template-rows:repeat(1, 1fr);--grid-auto-flow:row;--margin-top:0px;--margin-bottom:0px;--margin-left:0px;--margin-right:0px;--padding-top:50px;--padding-bottom:50px;--padding-left:0px;--padding-right:0px;overflow:visible;}.elementor-4055 .elementor-element.elementor-element-7e82bc5:not(.elementor-motion-effects-element-type-background), .elementor-4055 .elementor-element.elementor-element-7e82bc5 > .elementor-motion-effects-container > .elementor-motion-effects-layer{background-color:#FAF7F2;}.elementor-4055 .elementor-element.elementor-element-57ff24a:not(.elementor-widget-video, .elementor-widget-elementskit-image-hover-effect) img{-webkit-mask-image:url(https:\/\/thepradoo.com\/wp-content\/plugins\/elementskit\/modules\/masking\/assets\/shapes\/shape-9.svg);-webkit-mask-position:center center;-webkit-mask-repeat:no-repeat;-webkit-mask-size:contain;}.elementor-4055 .elementor-element.elementor-element-57ff24a.elementor-widget-video{-webkit-mask-image:url(https:\/\/thepradoo.com\/wp-content\/plugins\/elementskit\/modules\/masking\/assets\/shapes\/shape-9.svg);-webkit-mask-position:center center;-webkit-mask-repeat:no-repeat;-webkit-mask-size:contain;}.elementor-4055 .elementor-element.elementor-element-57ff24a.elementor-widget-elementskit-image-hover-effect{-webkit-mask-image:url(https:\/\/thepradoo.com\/wp-content\/plugins\/elementskit\/modules\/masking\/assets\/shapes\/shape-9.svg);-webkit-mask-position:center center;-webkit-mask-repeat:no-repeat;-webkit-mask-size:contain;}.elementor-4055 .elementor-element.elementor-element-39aae8a{--display:grid;--e-con-grid-template-columns:repeat(2, 1fr);--e-con-grid-template-rows:repeat(1, 1fr);--grid-auto-flow:row;--margin-top:0px;--margin-bottom:0px;--margin-left:0px;--margin-right:0px;--padding-top:50px;--padding-bottom:50px;--padding-left:0px;--padding-right:0px;overflow:visible;}.elementor-4055 .elementor-element.elementor-element-39aae8a:not(.elementor-motion-effects-element-type-background), .elementor-4055 .elementor-element.elementor-element-39aae8a > .elementor-motion-effects-container > .elementor-motion-effects-layer{background-color:#FAF7F2;}.elementor-4055 .elementor-element.elementor-element-8c0acd9:not(.elementor-widget-video, .elementor-widget-elementskit-image-hover-effect) img{-webkit-mask-image:url(https:\/\/thepradoo.com\/wp-content\/plugins\/elementskit\/modules\/masking\/assets\/shapes\/shape-10.svg);-webkit-mask-position:center center;-webkit-mask-repeat:no-repeat;-webkit-mask-size:contain;}.elementor-4055 .elementor-element.elementor-element-8c0acd9.elementor-widget-video{-webkit-mask-image:url(https:\/\/thepradoo.com\/wp-content\/plugins\/elementskit\/modules\/masking\/assets\/shapes\/shape-10.svg);-webkit-mask-position:center center;-webkit-mask-repeat:no-repeat;-webkit-mask-size:contain;}.elementor-4055 .elementor-element.elementor-element-8c0acd9.elementor-widget-elementskit-image-hover-effect{-webkit-mask-image:url(https:\/\/thepradoo.com\/wp-content\/plugins\/elementskit\/modules\/masking\/assets\/shapes\/shape-10.svg);-webkit-mask-position:center center;-webkit-mask-repeat:no-repeat;-webkit-mask-size:contain;}.elementor-4055 .elementor-element.elementor-element-90cbb39{--display:grid;--e-con-grid-template-columns:repeat(1, 1fr);--e-con-grid-template-rows:repeat(1, 1fr);--grid-auto-flow:row;--margin-top:0px;--margin-bottom:0px;--margin-left:0px;--margin-right:0px;--padding-top:50px;--padding-bottom:50px;--padding-left:0px;--padding-right:0px;overflow:visible;}.elementor-4055 .elementor-element.elementor-element-90cbb39:not(.elementor-motion-effects-element-type-background), .elementor-4055 .elementor-element.elementor-element-90cbb39 > .elementor-motion-effects-container > .elementor-motion-effects-layer{background-color:#FAF7F2;}.elementor-4055 .elementor-element.elementor-element-282a36c{--display:flex;--flex-direction:column;--container-widget-width:calc( ( 1 - var( --container-widget-flex-grow ) ) * 100% );--container-widget-height:initial;--container-widget-flex-grow:0;--container-widget-align-self:initial;--flex-wrap-mobile:wrap;--align-items:stretch;--gap:10px 10px;--row-gap:10px;--column-gap:10px;--padding-top:11px;--padding-bottom:110px;--padding-left:15px;--padding-right:15px;overflow:visible;}.elementor-4055 .elementor-element.elementor-element-282a36c:not(.elementor-motion-effects-element-type-background), .elementor-4055 .elementor-element.elementor-element-282a36c > .elementor-motion-effects-container > .elementor-motion-effects-layer{background-color:transparent;background-image:linear-gradient(180deg, #FAF7F2 0%, #FFFFFF 100%);}.elementor-4055 .elementor-element.elementor-element-bbe90ef{text-align:center;}.elementor-4055 .elementor-element.elementor-element-bbe90ef .elementor-heading-title{letter-spacing:1px;color:var( --e-global-color-1cf05bf );}.elementor-4055 .elementor-element.elementor-element-c562eea .ekit-btn-wraper .elementskit-btn{justify-content:flex-end;}.elementor-4055 .elementor-element.elementor-element-c562eea .elementskit-btn{padding:21px 55px 21px 55px;font-family:\"Lato\", Sans-serif;font-size:15px;font-weight:700;text-transform:uppercase;color:var( --e-global-color-1cf05bf );fill:var( --e-global-color-1cf05bf );background-color:var( --e-global-color-primary );border-style:solid;border-width:2px 2px 2px 2px;border-color:var( --e-global-color-1cf05bf );border-radius:7px 7px 7px 7px;}.elementor-4055 .elementor-element.elementor-element-c562eea .elementskit-btn:hover{color:var( --e-global-color-1cf05bf );fill:var( --e-global-color-1cf05bf );background-color:var( --e-global-color-primary );}.elementor-4055 .elementor-element.elementor-element-c562eea .elementskit-btn > :is(i, svg){font-size:14px;}.elementor-4055 .elementor-element.elementor-element-c562eea .elementskit-btn > i, .elementor-4055 .elementor-element.elementor-element-c562eea .elementskit-btn > svg{margin-left:5px;}.rtl .elementor-4055 .elementor-element.elementor-element-c562eea .elementskit-btn > i, .rtl .elementor-4055 .elementor-element.elementor-element-c562eea .elementskit-btn > svg{margin-left:0;margin-right:5px;}.elementor-4055 .elementor-element.elementor-element-c562eea{margin:10px 0px calc(var(--kit-widget-spacing, 0px) + 0px) 0px;}.elementor-4055 .elementor-element.elementor-element-c562eea.elementor-element{--align-self:center;}.elementor-4055 .elementor-element.elementor-element-9c8641c{--spacer-size:50px;}.elementor-4055 .elementor-element.elementor-element-f7fcdc2{--display:flex;--min-height:150px;--flex-direction:column;--container-widget-width:100%;--container-widget-height:initial;--container-widget-flex-grow:0;--container-widget-align-self:initial;--flex-wrap-mobile:wrap;--justify-content:flex-start;overflow:visible;}.elementor-4055 .elementor-element.elementor-element-f7fcdc2:not(.elementor-motion-effects-element-type-background), .elementor-4055 .elementor-element.elementor-element-f7fcdc2 > .elementor-motion-effects-container > .elementor-motion-effects-layer{background-color:var( --e-global-color-primary );}.elementor-4055 .elementor-element.elementor-element-bf3f6be img{width:35%;}:root{--page-title-display:none;}@media(min-width:768px){.elementor-4055 .elementor-element.elementor-element-61de37ac{--width:70%;}}@media(max-width:1024px){.elementor-4055 .elementor-element.elementor-element-4f3357b7 .elementor-heading-title{font-size:var( --e-global-typography-13a1989-font-size );line-height:var( --e-global-typography-13a1989-line-height );letter-spacing:var( --e-global-typography-13a1989-letter-spacing );word-spacing:var( --e-global-typography-13a1989-word-spacing );}.elementor-4055 .elementor-element.elementor-element-7e82bc5{--grid-auto-flow:row;}.elementor-4055 .elementor-element.elementor-element-39aae8a{--grid-auto-flow:row;}.elementor-4055 .elementor-element.elementor-element-90cbb39{--grid-auto-flow:row;}.elementor-4055 .elementor-element.elementor-element-c562eea{width:100%;max-width:100%;}}@media(max-width:767px){.elementor-4055 .elementor-element.elementor-element-4f3357b7 .elementor-heading-title{font-size:var( --e-global-typography-13a1989-font-size );line-height:var( --e-global-typography-13a1989-line-height );letter-spacing:var( --e-global-typography-13a1989-letter-spacing );word-spacing:var( --e-global-typography-13a1989-word-spacing );}.elementor-4055 .elementor-element.elementor-element-7e82bc5{--e-con-grid-template-columns:repeat(1, 1fr);--grid-auto-flow:row;}.elementor-4055 .elementor-element.elementor-element-39aae8a{--e-con-grid-template-columns:repeat(1, 1fr);--grid-auto-flow:row;}.elementor-4055 .elementor-element.elementor-element-90cbb39{--e-con-grid-template-columns:repeat(1, 1fr);--grid-auto-flow:row;}.elementor-4055 .elementor-element.elementor-element-c562eea .ekit-btn-wraper .elementskit-btn{justify-content:center;}.elementor-4055 .elementor-element.elementor-element-c562eea{width:auto;max-width:auto;}}<\/style>\t\t<div data-elementor-type=\"wp-page\" data-elementor-id=\"4055\" class=\"elementor elementor-4055 elementor-982\" data-elementor-post-type=\"page\">\n\t\t\t\t<div data-particle_enable=\"false\" data-particle-mobile-disabled=\"false\" class=\"elementor-element elementor-element-2f6943c8 e-flex e-con-boxed e-con e-parent\" data-id=\"2f6943c8\" data-element_type=\"container\" data-e-type=\"container\" data-settings=\"{&quot;background_background&quot;:&quot;classic&quot;,&quot;ekit_has_onepagescroll_dot&quot;:&quot;yes&quot;}\">\n\t\t\t\t\t<div class=\"e-con-inner\">\n\t\t<div data-particle_enable=\"false\" data-particle-mobile-disabled=\"false\" class=\"elementor-element elementor-element-61de37ac e-con-full e-flex e-con e-child\" data-id=\"61de37ac\" data-element_type=\"container\" data-e-type=\"container\" data-settings=\"{&quot;ekit_has_onepagescroll_dot&quot;:&quot;yes&quot;}\">\n\t\t\t\t<div class=\"elementor-element elementor-element-4f3357b7 elementor-widget elementor-widget-heading\" data-id=\"4f3357b7\" data-element_type=\"widget\" data-e-type=\"widget\" data-settings=\"{&quot;ekit_we_effect_on&quot;:&quot;none&quot;}\" data-widget_type=\"heading.default\">\n\t\t\t\t\t<h1 class=\"elementor-heading-title elementor-size-default\">Hotel Project Design Consultancy<\/h1>\t\t\t\t<\/div>\n\t\t\t\t<div class=\"elementor-element elementor-element-674025b5 elementor-icon-list--layout-inline elementor-list-item-link-full_width elementor-widget elementor-widget-icon-list\" data-id=\"674025b5\" data-element_type=\"widget\" data-e-type=\"widget\" data-settings=\"{&quot;ekit_we_effect_on&quot;:&quot;none&quot;}\" data-widget_type=\"icon-list.default\">\n\t\t\t\t\t\t\t<ul class=\"elementor-icon-list-items elementor-inline-items\">\n\t\t\t\t\t\t\t<li class=\"elementor-icon-list-item elementor-inline-item\">\n\t\t\t\t\t\t\t\t\t\t\t<a href=\"https:\/\/thepradoo.com\/en\">\n\n\t\t\t\t\t\t\t\t\t\t\t<span class=\"elementor-icon-list-text\">Home<\/span>\n\t\t\t\t\t\t\t\t\t\t\t<\/a>\n\t\t\t\t\t\t\t\t\t<\/li>\n\t\t\t\t\t\t\t\t<li class=\"elementor-icon-list-item elementor-inline-item\">\n\t\t\t\t\t\t\t\t\t\t\t<a href=\"#\">\n\n\t\t\t\t\t\t\t\t\t\t\t\t<span class=\"elementor-icon-list-icon\">\n\t\t\t\t\t\t\t<i aria-hidden=\"true\" class=\"icon icon-right-arrow\"><\/i>\t\t\t\t\t\t<\/span>\n\t\t\t\t\t\t\t\t\t\t<span class=\"elementor-icon-list-text\"><\/span>\n\t\t\t\t\t\t\t\t\t\t\t<\/a>\n\t\t\t\t\t\t\t\t\t<\/li>\n\t\t\t\t\t\t<\/ul>\n\t\t\t\t\t\t<\/div>\n\t\t\t\t<\/div>\n\t\t\t\t\t<\/div>\n\t\t\t\t<\/div>\n\t\t<div data-particle_enable=\"false\" data-particle-mobile-disabled=\"false\" class=\"elementor-element elementor-element-7e82bc5 e-grid e-con-boxed e-con e-parent\" data-id=\"7e82bc5\" data-element_type=\"container\" data-e-type=\"container\" data-settings=\"{&quot;background_background&quot;:&quot;classic&quot;,&quot;ekit_has_onepagescroll_dot&quot;:&quot;yes&quot;}\">\n\t\t\t\t\t<div class=\"e-con-inner\">\n\t\t\t\t<div class=\"elementor-element elementor-element-57ff24a elementor-widget elementor-widget-image\" data-id=\"57ff24a\" data-element_type=\"widget\" data-e-type=\"widget\" data-settings=\"{&quot;ekit_we_effect_on&quot;:&quot;none&quot;}\" data-widget_type=\"image.default\">\n\t\t\t\t\t\t\t\t\t\t\t\t\t\t\t<img fetchpriority=\"high\" decoding=\"async\" width=\"400\" height=\"300\" src=\"https:\/\/thepradoo.com\/wp-content\/uploads\/2025\/09\/Otel-Proje-Tasarimi-Danismanligi.webp\" class=\"attachment-full size-full wp-image-3338\" alt=\"Otel Proje Tasar\u0131m\u0131 Dan\u0131\u015fmanl\u0131\u011f\u0131\" srcset=\"https:\/\/thepradoo.com\/wp-content\/uploads\/2025\/09\/Otel-Proje-Tasarimi-Danismanligi.webp 400w, https:\/\/thepradoo.com\/wp-content\/uploads\/2025\/09\/Otel-Proje-Tasarimi-Danismanligi-300x225.webp 300w\" sizes=\"(max-width: 400px) 100vw, 400px\" title=\"\">\t\t\t\t\t\t\t\t\t\t\t\t\t\t\t<\/div>\n\t\t\t\t<div class=\"elementor-element elementor-element-61d999a elementor-widget elementor-widget-text-editor\" data-id=\"61d999a\" data-element_type=\"widget\" data-e-type=\"widget\" data-settings=\"{&quot;ekit_we_effect_on&quot;:&quot;none&quot;}\" data-widget_type=\"text-editor.default\">\n\t\t\t\t\t\t\t\t\t<p>Successful <strong>hotel project design<\/strong> is not just about creating an aesthetically pleasing architecture; it must be planned with functionality, alignment with brand identity, balance of budget and timeline, and future operational efficiency in mind. Without proper planning and professional coordination, the long-term success of the investment is at risk.<\/p>\n\n<p><strong>The PRAD\u24c4 Hospitality<\/strong> provides hotel project design consulting for investors and developers, acting as a reliable guide at every stage from concept to execution; combining design vision with operational reality.<\/p>\n\n<p><b>Our consulting team:<\/b><\/p>\n\n<p>Stands by your side throughout the entire design process from developing architectural concepts to interior layouts, from coordinating technical infrastructure to ensuring compliance with brand standards. Whether you aim to create a new property or transform an existing one, we deliver original and sustainable solutions that add value to your investment.<\/p>\n\t\t\t\t\t\t\t\t<\/div>\n\t\t\t\t\t<\/div>\n\t\t\t\t<\/div>\n\t\t<div data-particle_enable=\"false\" data-particle-mobile-disabled=\"false\" class=\"elementor-element elementor-element-39aae8a e-grid e-con-boxed e-con e-parent\" data-id=\"39aae8a\" data-element_type=\"container\" data-e-type=\"container\" data-settings=\"{&quot;background_background&quot;:&quot;classic&quot;,&quot;ekit_has_onepagescroll_dot&quot;:&quot;yes&quot;}\">\n\t\t\t\t\t<div class=\"e-con-inner\">\n\t\t\t\t<div class=\"elementor-element elementor-element-d1343cc elementor-widget elementor-widget-text-editor\" data-id=\"d1343cc\" data-element_type=\"widget\" data-e-type=\"widget\" data-settings=\"{&quot;ekit_we_effect_on&quot;:&quot;none&quot;}\" data-widget_type=\"text-editor.default\">\n\t\t\t\t\t\t\t\t\t<h3><strong>What We Do<\/strong><\/h3><br><ul>\r\n  <li><p><strong>Concept Development<\/strong> \u2192 We create original architectural and interior design ideas aligned with the brand identity and target audience.<\/p><\/li>\r\n  <li><p><strong>Design Coordination<\/strong> \u2192 We ensure harmony between architectural, engineering, and interior design teams and prevent conflicts.<\/p><\/li>\r\n  <li><p><strong>Standards &amp; Regulatory Compliance<\/strong> \u2192 We integrate international hotel chain standards and local legal requirements.<\/p><\/li>\r\n  <li><p><strong>Value Engineering<\/strong> \u2192 We develop cost-effective solutions without compromising design quality.<\/p><\/li>\r\n  <li><p><strong>Material &amp; Procurement Selection<\/strong> \u2192 We recommend aesthetic, durable, and sustainable materials within the scope of FF&amp;E\/OS&amp;E.<\/p><\/li>\r\n  <li><p><strong>Operational Integration<\/strong> \u2192 We design layouts, circulation flows, and service areas that support the guest experience.<\/p><\/li>\r\n<\/ul><br>\t\t\t\t\t\t\t\t<\/div>\n\t\t\t\t<div class=\"elementor-element elementor-element-8c0acd9 elementor-widget elementor-widget-image\" data-id=\"8c0acd9\" data-element_type=\"widget\" data-e-type=\"widget\" data-settings=\"{&quot;ekit_we_effect_on&quot;:&quot;none&quot;}\" data-widget_type=\"image.default\">\n\t\t\t\t\t\t\t\t\t\t\t\t\t\t\t<img decoding=\"async\" width=\"322\" height=\"244\" src=\"https:\/\/thepradoo.com\/wp-content\/uploads\/2025\/09\/8c9c75226694123.Y3JvcCwxMjY1LDk5MCw2NSww-e1758614710232.png\" class=\"attachment-full size-full wp-image-3363\" alt=\"\" srcset=\"https:\/\/thepradoo.com\/wp-content\/uploads\/2025\/09\/8c9c75226694123.Y3JvcCwxMjY1LDk5MCw2NSww-e1758614710232.png 322w, https:\/\/thepradoo.com\/wp-content\/uploads\/2025\/09\/8c9c75226694123.Y3JvcCwxMjY1LDk5MCw2NSww-e1758614710232-300x227.png 300w\" sizes=\"(max-width: 322px) 100vw, 322px\" title=\"\">\t\t\t\t\t\t\t\t\t\t\t\t\t\t\t<\/div>\n\t\t\t\t\t<\/div>\n\t\t\t\t<\/div>\n\t\t<div data-particle_enable=\"false\" data-particle-mobile-disabled=\"false\" class=\"elementor-element elementor-element-90cbb39 e-grid e-con-boxed e-con e-parent\" data-id=\"90cbb39\" data-element_type=\"container\" data-e-type=\"container\" data-settings=\"{&quot;background_background&quot;:&quot;classic&quot;,&quot;ekit_has_onepagescroll_dot&quot;:&quot;yes&quot;}\">\n\t\t\t\t\t<div class=\"e-con-inner\">\n\t\t\t\t<div class=\"elementor-element elementor-element-507183c elementor-widget elementor-widget-text-editor\" data-id=\"507183c\" data-element_type=\"widget\" data-e-type=\"widget\" data-settings=\"{&quot;ekit_we_effect_on&quot;:&quot;none&quot;}\" data-widget_type=\"text-editor.default\">\n\t\t\t\t\t\t\t\t\t<p style=\"text-align: center;\">\r\n    <strong>The PRAD\u24c4 Hospitality<\/strong> creates not just an aesthetically pleasing building in hotel project design, but one that reflects the brand\u2019s essence, is operationally strong, and delivers sustainable value for investors.\r\n<\/p><br><p style=\"text-align: center;\">\r\n    Our goal is to bring your investment to life with a timeless, contemporary, and guest-focused architectural identity, ensuring global competitiveness.\r\n<\/p><br>\t\t\t\t\t\t\t\t<\/div>\n\t\t\t\t\t<\/div>\n\t\t\t\t<\/div>\n\t\t<div data-particle_enable=\"false\" data-particle-mobile-disabled=\"false\" class=\"elementor-element elementor-element-282a36c e-flex e-con-boxed e-con e-parent\" data-id=\"282a36c\" data-element_type=\"container\" data-e-type=\"container\" data-settings=\"{&quot;background_background&quot;:&quot;gradient&quot;,&quot;ekit_has_onepagescroll_dot&quot;:&quot;yes&quot;}\">\n\t\t\t\t\t<div class=\"e-con-inner\">\n\t\t\t\t<div class=\"elementor-element elementor-element-bbe90ef elementor-widget elementor-widget-heading\" data-id=\"bbe90ef\" data-element_type=\"widget\" data-e-type=\"widget\" data-settings=\"{&quot;ekit_we_effect_on&quot;:&quot;none&quot;}\" data-widget_type=\"heading.default\">\n\t\t\t\t\t<h2 class=\"elementor-heading-title elementor-size-default\">Grow Your Investment with A to Z Solutions<\/h2>\t\t\t\t<\/div>\n\t\t\t\t<div class=\"elementor-element elementor-element-c562eea elementor-align-right elementor-align--mobilecenter elementor-widget-tablet__width-inherit elementor-widget-mobile__width-auto elementor-widget elementor-widget-elementskit-button\" data-id=\"c562eea\" data-element_type=\"widget\" data-e-type=\"widget\" data-settings=\"{&quot;ekit_we_effect_on&quot;:&quot;none&quot;}\" data-widget_type=\"elementskit-button.default\">\n\t\t\t\t\t<div class=\"ekit-wid-con\" >\t\t<div class=\"ekit-btn-wraper\">\n\t\t\t\t\t\t\t<a href=\"https:\/\/thePRAD\u24deo.com\/en\/contact-us\" class=\"elementskit-btn  whitespace--normal\" id=\"\">\n\t\t\t\t\tGet An Offer<i class=\"fasicon icon-right-arrow\"><\/i>\t\t\t\t<\/a>\n\t\t\t\t\t<\/div>\n        <\/div>\t\t\t\t<\/div>\n\t\t\t\t<div class=\"elementor-element elementor-element-9c8641c elementor-widget elementor-widget-spacer\" data-id=\"9c8641c\" data-element_type=\"widget\" data-e-type=\"widget\" data-settings=\"{&quot;ekit_we_effect_on&quot;:&quot;none&quot;}\" data-widget_type=\"spacer.default\">\n\t\t\t\t\t\t\t<div class=\"elementor-spacer\">\n\t\t\t<div class=\"elementor-spacer-inner\"><\/div>\n\t\t<\/div>\n\t\t\t\t\t\t<\/div>\n\t\t<div data-particle_enable=\"false\" data-particle-mobile-disabled=\"false\" class=\"elementor-element elementor-element-f7fcdc2 e-con-full e-flex e-con e-child\" data-id=\"f7fcdc2\" data-element_type=\"container\" data-e-type=\"container\" data-settings=\"{&quot;background_background&quot;:&quot;classic&quot;,&quot;ekit_has_onepagescroll_dot&quot;:&quot;yes&quot;}\">\n\t\t\t\t<div class=\"elementor-element elementor-element-bf3f6be elementor-widget elementor-widget-image\" data-id=\"bf3f6be\" data-element_type=\"widget\" data-e-type=\"widget\" data-settings=\"{&quot;ekit_we_effect_on&quot;:&quot;none&quot;}\" data-widget_type=\"image.default\">\n\t\t\t\t\t\t\t\t\t\t\t\t\t\t\t\t<a href=\"https:\/\/thePRAD\u24deo.com\/en\/our-services\">\n\t\t\t\t\t\t\t<img decoding=\"async\" width=\"600\" height=\"150\" src=\"https:\/\/thepradoo.com\/wp-content\/uploads\/2025\/10\/All-Services.webp\" class=\"attachment-large size-large wp-image-4179\" alt=\"All-Services\" srcset=\"https:\/\/thepradoo.com\/wp-content\/uploads\/2025\/10\/All-Services.webp 600w, https:\/\/thepradoo.com\/wp-content\/uploads\/2025\/10\/All-Services-300x75.webp 300w\" sizes=\"(max-width: 600px) 100vw, 600px\" title=\"\">\t\t\t\t\t\t\t\t<\/a>\n\t\t\t\t\t\t\t\t\t\t\t\t\t\t\t<\/div>\n\t\t\t\t<\/div>\n\t\t\t\t\t<\/div>\n\t\t\t\t<\/div>\n\t\t\t\t<\/div>\n\t\t","protected":false},"excerpt":{"rendered":"<p>Home Successful hotel project design is not just about creating an aesthetically pleasing architecture; it must be planned with functionality, alignment with brand identity, balance of budget and timeline, and future operational efficiency in mind. Without proper planning and professional coordination, the long-term success of the investment is at risk. The PRAD\u24c4 Hospitality provides hotel [&hellip;]<\/p>\n","protected":false},"author":2,"featured_media":3337,"parent":0,"menu_order":0,"comment_status":"closed","ping_status":"closed","template":"","meta":{"footnotes":""},"class_list":["post-4055","page","type-page","status-publish","has-post-thumbnail","hentry"],"_links":{"self":[{"href":"https:\/\/thepradoo.com\/en\/wp-json\/wp\/v2\/pages\/4055","targetHints":{"allow":["GET"]}}],"collection":[{"href":"https:\/\/thepradoo.com\/en\/wp-json\/wp\/v2\/pages"}],"about":[{"href":"https:\/\/thepradoo.com\/en\/wp-json\/wp\/v2\/types\/page"}],"author":[{"embeddable":true,"href":"https:\/\/thepradoo.com\/en\/wp-json\/wp\/v2\/users\/2"}],"replies":[{"embeddable":true,"href":"https:\/\/thepradoo.com\/en\/wp-json\/wp\/v2\/comments?post=4055"}],"version-history":[{"count":13,"href":"https:\/\/thepradoo.com\/en\/wp-json\/wp\/v2\/pages\/4055\/revisions"}],"predecessor-version":[{"id":4874,"href":"https:\/\/thepradoo.com\/en\/wp-json\/wp\/v2\/pages\/4055\/revisions\/4874"}],"wp:featuredmedia":[{"embeddable":true,"href":"https:\/\/thepradoo.com\/en\/wp-json\/wp\/v2\/media\/3337"}],"wp:attachment":[{"href":"https:\/\/thepradoo.com\/en\/wp-json\/wp\/v2\/media?parent=4055"}],"curies":[{"name":"wp","href":"https:\/\/api.w.org\/{rel}","templated":true}]}}