{"id":4041,"date":"2025-09-30T17:01:48","date_gmt":"2025-09-30T14:01:48","guid":{"rendered":"https:\/\/thepradoo.com\/digital-marketing-strategy"},"modified":"2025-10-04T12:49:46","modified_gmt":"2025-10-04T09:49:46","slug":"digital-marketing-strategy","status":"publish","type":"page","link":"https:\/\/thepradoo.com\/en\/digital-marketing-strategy","title":{"rendered":"Digital &#038; Marketing Strategy"},"content":{"rendered":"<style>.elementor-4041 .elementor-element.elementor-element-47df29a{--display:flex;--flex-direction:column;--container-widget-width:100%;--container-widget-height:initial;--container-widget-flex-grow:0;--container-widget-align-self:initial;--flex-wrap-mobile:wrap;--overlay-opacity:0.5;--margin-top:0px;--margin-bottom:0px;--margin-left:0px;--margin-right:0px;--padding-top:13rem;--padding-bottom:6rem;--padding-left:1rem;--padding-right:1rem;overflow:visible;}.elementor-4041 .elementor-element.elementor-element-47df29a:not(.elementor-motion-effects-element-type-background), .elementor-4041 .elementor-element.elementor-element-47df29a > .elementor-motion-effects-container > .elementor-motion-effects-layer{background-image:url(\"https:\/\/thepradoo.com\/wp-content\/uploads\/2025\/09\/hakkimizda-1.webp\");background-position:center center;background-repeat:no-repeat;background-size:cover;}.elementor-4041 .elementor-element.elementor-element-47df29a::before, .elementor-4041 .elementor-element.elementor-element-47df29a > .elementor-background-video-container::before, .elementor-4041 .elementor-element.elementor-element-47df29a > .e-con-inner > .elementor-background-video-container::before, .elementor-4041 .elementor-element.elementor-element-47df29a > .elementor-background-slideshow::before, .elementor-4041 .elementor-element.elementor-element-47df29a > .e-con-inner > .elementor-background-slideshow::before, .elementor-4041 .elementor-element.elementor-element-47df29a > .elementor-motion-effects-container > .elementor-motion-effects-layer::before{--background-overlay:'';background-color:var( --e-global-color-secondary );}.elementor-4041 .elementor-element.elementor-element-7fde7b6d{--display:flex;overflow:visible;}.elementor-4041 .elementor-element.elementor-element-e2d4433 .elementor-heading-title{font-family:\"Gilda Display\", Sans-serif;font-size:40px;font-weight:700;text-transform:capitalize;}.elementor-4041 .elementor-element.elementor-element-16e05d8b .elementor-icon-list-items:not(.elementor-inline-items) .elementor-icon-list-item:not(:last-child){padding-block-end:calc(20px\/2);}.elementor-4041 .elementor-element.elementor-element-16e05d8b .elementor-icon-list-items:not(.elementor-inline-items) .elementor-icon-list-item:not(:first-child){margin-block-start:calc(20px\/2);}.elementor-4041 .elementor-element.elementor-element-16e05d8b .elementor-icon-list-items.elementor-inline-items .elementor-icon-list-item{margin-inline:calc(20px\/2);}.elementor-4041 .elementor-element.elementor-element-16e05d8b .elementor-icon-list-items.elementor-inline-items{margin-inline:calc(-20px\/2);}.elementor-4041 .elementor-element.elementor-element-16e05d8b .elementor-icon-list-items.elementor-inline-items .elementor-icon-list-item:after{inset-inline-end:calc(-20px\/2);}.elementor-4041 .elementor-element.elementor-element-16e05d8b .elementor-icon-list-icon i{color:var( --e-global-color-primary );transition:color 0.3s;}.elementor-4041 .elementor-element.elementor-element-16e05d8b .elementor-icon-list-icon svg{fill:var( --e-global-color-primary );transition:fill 0.3s;}.elementor-4041 .elementor-element.elementor-element-16e05d8b{--e-icon-list-icon-size:14px;--icon-vertical-offset:0px;}.elementor-4041 .elementor-element.elementor-element-16e05d8b .elementor-icon-list-icon{padding-inline-end:10px;}.elementor-4041 .elementor-element.elementor-element-16e05d8b .elementor-icon-list-text{color:var( --e-global-color-primary );transition:color 0.3s;}.elementor-4041 .elementor-element.elementor-element-16e05d8b .elementor-icon-list-item:hover .elementor-icon-list-text{color:var( --e-global-color-accent );}.elementor-4041 .elementor-element.elementor-element-33ae00de{--display:flex;--min-height:89px;--flex-direction:column;--container-widget-width:100%;--container-widget-height:initial;--container-widget-flex-grow:0;--container-widget-align-self:initial;--flex-wrap-mobile:wrap;--justify-content:center;overflow:visible;}.elementor-4041 .elementor-element.elementor-element-1875224e{text-align:center;margin:0px 0px calc(var(--kit-widget-spacing, 0px) + 0px) 0px;padding:0px 0px 0px 0px;}.elementor-4041 .elementor-element.elementor-element-1875224e .elementor-heading-title{font-size:27px;}.elementor-4041 .elementor-element.elementor-element-242d13da{--display:grid;--e-con-grid-template-columns:repeat(2, 1fr);--e-con-grid-template-rows:repeat(1, 1fr);--grid-auto-flow:row;overflow:visible;}.elementor-4041 .elementor-element.elementor-element-805bef8{--display:flex;--min-height:0px;--flex-direction:column;--container-widget-width:100%;--container-widget-height:initial;--container-widget-flex-grow:0;--container-widget-align-self:initial;--flex-wrap-mobile:wrap;--justify-content:space-between;--margin-top:0px;--margin-bottom:50px;--margin-left:0px;--margin-right:0px;--padding-top:0px;--padding-bottom:0px;--padding-left:0px;--padding-right:0px;overflow:visible;}.elementor-4041 .elementor-element.elementor-element-805bef8.e-con{--align-self:stretch;}.elementor-4041 .elementor-element.elementor-element-0f6eb6d img{width:100%;border-radius:12px 12px 12px 12px;}.elementor-4041 .elementor-element.elementor-element-0f6eb6d{margin:3px 3px calc(var(--kit-widget-spacing, 0px) + 3px) 3px;border-radius:0px 0px 0px 0px;}.elementor-4041 .elementor-element.elementor-element-6deb5dc{text-align:center;}.elementor-4041 .elementor-element.elementor-element-6deb5dc .elementor-heading-title{font-size:21px;}.elementor-4041 .elementor-element.elementor-element-6332d40 .jeg-elementor-kit.jkit-button{text-align:center;}.elementor-4041 .elementor-element.elementor-element-6332d40 .jeg-elementor-kit.jkit-button .jkit-button-wrapper{font-size:16px;font-weight:500;font-style:normal;text-decoration:none;color:var( --e-global-color-text );background-color:var( --e-global-color-accent );box-shadow:0px 0px 10px 0px rgba(117.97734375, 117.97734375, 117.97734375, 0.5);}.elementor-4041 .elementor-element.elementor-element-6332d40 .jeg-elementor-kit.jkit-button .jkit-button-wrapper svg{fill:var( --e-global-color-text );}.elementor-4041 .elementor-element.elementor-element-6332d40 .jeg-elementor-kit.jkit-button .jkit-button-wrapper:hover{color:var( --e-global-color-primary );}.elementor-4041 .elementor-element.elementor-element-6332d40 .jeg-elementor-kit.jkit-button .jkit-button-wrapper:hover svg{fill:var( --e-global-color-primary );}.elementor-4041 .elementor-element.elementor-element-6332d40 .jeg-elementor-kit.jkit-button .jkit-button-wrapper:not(.hover-gradient):hover, .elementor-4041 .elementor-element.elementor-element-6332d40 .jeg-elementor-kit.jkit-button .jkit-button-wrapper.hover-gradient:before{background-color:var( --e-global-color-1cf05bf );}.elementor-4041 .elementor-element.elementor-element-6332d40 .jeg-elementor-kit.jkit-button.icon-position-before .jkit-button-wrapper i, .elementor-4041 .elementor-element.elementor-element-6332d40 .jeg-elementor-kit.jkit-button.icon-position-before .jkit-button-wrapper svg{margin-right:5px;}.elementor-4041 .elementor-element.elementor-element-6332d40 .jeg-elementor-kit.jkit-button.icon-position-after .jkit-button-wrapper i, .elementor-4041 .elementor-element.elementor-element-6332d40 .jeg-elementor-kit.jkit-button.icon-position-after .jkit-button-wrapper svg{margin-left:5px;}.elementor-4041 .elementor-element.elementor-element-6332d40{margin:0px 0px calc(var(--kit-widget-spacing, 0px) + 0px) 0px;}.elementor-4041 .elementor-element.elementor-element-41488b9{--display:flex;--min-height:0px;--flex-direction:column;--container-widget-width:100%;--container-widget-height:initial;--container-widget-flex-grow:0;--container-widget-align-self:initial;--flex-wrap-mobile:wrap;--justify-content:space-between;--margin-top:0px;--margin-bottom:50px;--margin-left:0px;--margin-right:0px;--padding-top:0px;--padding-bottom:0px;--padding-left:0px;--padding-right:0px;overflow:visible;}.elementor-4041 .elementor-element.elementor-element-41488b9.e-con{--align-self:stretch;}.elementor-4041 .elementor-element.elementor-element-19a9336 img{width:100%;border-radius:12px 12px 12px 12px;}.elementor-4041 .elementor-element.elementor-element-19a9336{margin:3px 3px calc(var(--kit-widget-spacing, 0px) + 3px) 3px;border-radius:0px 0px 0px 0px;}.elementor-4041 .elementor-element.elementor-element-641f247{text-align:center;}.elementor-4041 .elementor-element.elementor-element-641f247 .elementor-heading-title{font-size:21px;}.elementor-4041 .elementor-element.elementor-element-29e512a .jeg-elementor-kit.jkit-button{text-align:center;}.elementor-4041 .elementor-element.elementor-element-29e512a .jeg-elementor-kit.jkit-button .jkit-button-wrapper{font-size:16px;font-weight:500;font-style:normal;text-decoration:none;color:var( --e-global-color-text );background-color:var( --e-global-color-accent );box-shadow:0px 0px 10px 0px rgba(117.97734375, 117.97734375, 117.97734375, 0.5);}.elementor-4041 .elementor-element.elementor-element-29e512a .jeg-elementor-kit.jkit-button .jkit-button-wrapper svg{fill:var( --e-global-color-text );}.elementor-4041 .elementor-element.elementor-element-29e512a .jeg-elementor-kit.jkit-button .jkit-button-wrapper:hover{color:var( --e-global-color-primary );}.elementor-4041 .elementor-element.elementor-element-29e512a .jeg-elementor-kit.jkit-button .jkit-button-wrapper:hover svg{fill:var( --e-global-color-primary );}.elementor-4041 .elementor-element.elementor-element-29e512a .jeg-elementor-kit.jkit-button .jkit-button-wrapper:not(.hover-gradient):hover, .elementor-4041 .elementor-element.elementor-element-29e512a .jeg-elementor-kit.jkit-button .jkit-button-wrapper.hover-gradient:before{background-color:var( --e-global-color-1cf05bf );}.elementor-4041 .elementor-element.elementor-element-29e512a .jeg-elementor-kit.jkit-button.icon-position-before .jkit-button-wrapper i, .elementor-4041 .elementor-element.elementor-element-29e512a .jeg-elementor-kit.jkit-button.icon-position-before .jkit-button-wrapper svg{margin-right:5px;}.elementor-4041 .elementor-element.elementor-element-29e512a .jeg-elementor-kit.jkit-button.icon-position-after .jkit-button-wrapper i, .elementor-4041 .elementor-element.elementor-element-29e512a .jeg-elementor-kit.jkit-button.icon-position-after .jkit-button-wrapper svg{margin-left:5px;}.elementor-4041 .elementor-element.elementor-element-29e512a{margin:0px 0px calc(var(--kit-widget-spacing, 0px) + 0px) 0px;}.elementor-4041 .elementor-element.elementor-element-248ebf5{--display:flex;--min-height:150px;--flex-direction:column;--container-widget-width:100%;--container-widget-height:initial;--container-widget-flex-grow:0;--container-widget-align-self:initial;--flex-wrap-mobile:wrap;--justify-content:flex-start;overflow:visible;}.elementor-4041 .elementor-element.elementor-element-248ebf5:not(.elementor-motion-effects-element-type-background), .elementor-4041 .elementor-element.elementor-element-248ebf5 > .elementor-motion-effects-container > .elementor-motion-effects-layer{background-color:var( --e-global-color-primary );}.elementor-4041 .elementor-element.elementor-element-a4427b4 img{width:35%;}:root{--page-title-display:none;}@media(min-width:768px){.elementor-4041 .elementor-element.elementor-element-7fde7b6d{--width:70%;}.elementor-4041 .elementor-element.elementor-element-242d13da{--content-width:848px;}.elementor-4041 .elementor-element.elementor-element-805bef8{--width:100%;}.elementor-4041 .elementor-element.elementor-element-41488b9{--width:100%;}}@media(max-width:1024px){.elementor-4041 .elementor-element.elementor-element-e2d4433 .elementor-heading-title{font-size:2.25rem;}.elementor-4041 .elementor-element.elementor-element-242d13da{--grid-auto-flow:row;}}@media(max-width:767px){.elementor-4041 .elementor-element.elementor-element-e2d4433 .elementor-heading-title{font-size:2rem;line-height:1.4em;}.elementor-4041 .elementor-element.elementor-element-1875224e .elementor-heading-title{font-size:17px;}.elementor-4041 .elementor-element.elementor-element-242d13da{--e-con-grid-template-columns:repeat(1, 1fr);--grid-auto-flow:row;}.elementor-4041 .elementor-element.elementor-element-6deb5dc .elementor-heading-title{font-size:19px;}.elementor-4041 .elementor-element.elementor-element-641f247 .elementor-heading-title{font-size:19px;}}<\/style>\t\t<div data-elementor-type=\"wp-page\" data-elementor-id=\"4041\" class=\"elementor elementor-4041 elementor-3052\" data-elementor-post-type=\"page\">\n\t\t\t\t<div data-particle_enable=\"false\" data-particle-mobile-disabled=\"false\" class=\"elementor-element elementor-element-47df29a e-flex e-con-boxed e-con e-parent\" data-id=\"47df29a\" data-element_type=\"container\" data-e-type=\"container\" data-settings=\"{&quot;background_background&quot;:&quot;classic&quot;,&quot;ekit_has_onepagescroll_dot&quot;:&quot;yes&quot;}\">\n\t\t\t\t\t<div class=\"e-con-inner\">\n\t\t<div data-particle_enable=\"false\" data-particle-mobile-disabled=\"false\" class=\"elementor-element elementor-element-7fde7b6d e-con-full e-flex e-con e-child\" data-id=\"7fde7b6d\" data-element_type=\"container\" data-e-type=\"container\" data-settings=\"{&quot;ekit_has_onepagescroll_dot&quot;:&quot;yes&quot;}\">\n\t\t\t\t<div class=\"elementor-element elementor-element-e2d4433 elementor-widget elementor-widget-heading\" data-id=\"e2d4433\" data-element_type=\"widget\" data-e-type=\"widget\" data-settings=\"{&quot;ekit_we_effect_on&quot;:&quot;none&quot;}\" data-widget_type=\"heading.default\">\n\t\t\t\t\t<h1 class=\"elementor-heading-title elementor-size-default\">Digital &#038; Marketing Strategy<\/h1>\t\t\t\t<\/div>\n\t\t\t\t<div class=\"elementor-element elementor-element-16e05d8b elementor-icon-list--layout-inline elementor-list-item-link-full_width elementor-widget elementor-widget-icon-list\" data-id=\"16e05d8b\" data-element_type=\"widget\" data-e-type=\"widget\" data-settings=\"{&quot;ekit_we_effect_on&quot;:&quot;none&quot;}\" data-widget_type=\"icon-list.default\">\n\t\t\t\t\t\t\t<ul class=\"elementor-icon-list-items elementor-inline-items\">\n\t\t\t\t\t\t\t<li class=\"elementor-icon-list-item elementor-inline-item\">\n\t\t\t\t\t\t\t\t\t\t\t<a href=\"https:\/\/thepradoo.com\/en\">\n\n\t\t\t\t\t\t\t\t\t\t\t<span class=\"elementor-icon-list-text\">Home<\/span>\n\t\t\t\t\t\t\t\t\t\t\t<\/a>\n\t\t\t\t\t\t\t\t\t<\/li>\n\t\t\t\t\t\t\t\t<li class=\"elementor-icon-list-item elementor-inline-item\">\n\t\t\t\t\t\t\t\t\t\t\t<a href=\"#\">\n\n\t\t\t\t\t\t\t\t\t\t\t\t<span class=\"elementor-icon-list-icon\">\n\t\t\t\t\t\t\t<i aria-hidden=\"true\" class=\"icon icon-right-arrow\"><\/i>\t\t\t\t\t\t<\/span>\n\t\t\t\t\t\t\t\t\t\t<span class=\"elementor-icon-list-text\"><\/span>\n\t\t\t\t\t\t\t\t\t\t\t<\/a>\n\t\t\t\t\t\t\t\t\t<\/li>\n\t\t\t\t\t\t<\/ul>\n\t\t\t\t\t\t<\/div>\n\t\t\t\t<\/div>\n\t\t\t\t\t<\/div>\n\t\t\t\t<\/div>\n\t\t<div data-particle_enable=\"false\" data-particle-mobile-disabled=\"false\" class=\"elementor-element elementor-element-33ae00de e-flex e-con-boxed e-con e-parent\" data-id=\"33ae00de\" data-element_type=\"container\" data-e-type=\"container\" data-settings=\"{&quot;ekit_has_onepagescroll_dot&quot;:&quot;yes&quot;}\">\n\t\t\t\t\t<div class=\"e-con-inner\">\n\t\t\t\t<div class=\"elementor-element elementor-element-1875224e elementor-widget elementor-widget-heading\" data-id=\"1875224e\" data-element_type=\"widget\" data-e-type=\"widget\" data-settings=\"{&quot;ekit_we_effect_on&quot;:&quot;none&quot;}\" data-widget_type=\"heading.default\">\n\t\t\t\t\t<h2 class=\"elementor-heading-title elementor-size-default\">We increase your visibility and revenue with digital and commercial strategies.<\/h2>\t\t\t\t<\/div>\n\t\t\t\t\t<\/div>\n\t\t\t\t<\/div>\n\t\t<div data-particle_enable=\"false\" data-particle-mobile-disabled=\"false\" class=\"elementor-element elementor-element-242d13da e-grid e-con-boxed e-con e-parent\" data-id=\"242d13da\" data-element_type=\"container\" data-e-type=\"container\" data-settings=\"{&quot;ekit_has_onepagescroll_dot&quot;:&quot;yes&quot;}\">\n\t\t\t\t\t<div class=\"e-con-inner\">\n\t\t<div data-particle_enable=\"false\" data-particle-mobile-disabled=\"false\" class=\"elementor-element elementor-element-805bef8 e-con-full e-flex e-con e-child\" data-id=\"805bef8\" data-element_type=\"container\" data-e-type=\"container\" data-settings=\"{&quot;ekit_has_onepagescroll_dot&quot;:&quot;yes&quot;}\">\n\t\t\t\t<div class=\"elementor-element elementor-element-0f6eb6d elementor-widget elementor-widget-image\" data-id=\"0f6eb6d\" data-element_type=\"widget\" data-e-type=\"widget\" data-settings=\"{&quot;ekit_we_effect_on&quot;:&quot;none&quot;}\" data-widget_type=\"image.default\">\n\t\t\t\t\t\t\t\t\t\t\t\t\t\t\t<img fetchpriority=\"high\" decoding=\"async\" width=\"400\" height=\"300\" src=\"https:\/\/thepradoo.com\/wp-content\/uploads\/2025\/09\/Online-Satis-ve-Dijital-Pazarlama-Danismanligi.webp\" class=\"attachment-full size-full wp-image-3345\" alt=\"Online Sat\u0131\u015f ve Dijital Pazarlama Dan\u0131\u015fmanl\u0131\u011f\u0131\" srcset=\"https:\/\/thepradoo.com\/wp-content\/uploads\/2025\/09\/Online-Satis-ve-Dijital-Pazarlama-Danismanligi.webp 400w, https:\/\/thepradoo.com\/wp-content\/uploads\/2025\/09\/Online-Satis-ve-Dijital-Pazarlama-Danismanligi-300x225.webp 300w\" sizes=\"(max-width: 400px) 100vw, 400px\" title=\"\">\t\t\t\t\t\t\t\t\t\t\t\t\t\t\t<\/div>\n\t\t\t\t<div class=\"elementor-element elementor-element-6deb5dc elementor-widget elementor-widget-heading\" data-id=\"6deb5dc\" data-element_type=\"widget\" data-e-type=\"widget\" data-settings=\"{&quot;ekit_we_effect_on&quot;:&quot;none&quot;}\" data-widget_type=\"heading.default\">\n\t\t\t\t\t<h2 class=\"elementor-heading-title elementor-size-default\">Online Sales and Digital Marketing Consultancy<\/h2>\t\t\t\t<\/div>\n\t\t\t\t<div class=\"elementor-element elementor-element-6332d40 elementor-widget elementor-widget-jkit_button\" data-id=\"6332d40\" data-element_type=\"widget\" data-e-type=\"widget\" data-settings=\"{&quot;ekit_we_effect_on&quot;:&quot;none&quot;}\" data-widget_type=\"jkit_button.default\">\n\t\t\t\t\t<div  class=\"jeg-elementor-kit jkit-button  icon-position-before jeg_module___6a02a706a8ebf\" ><a href=\"https:\/\/thePRAD\u24deo.com\/en\/online-sales-and-digital-marketing-consultancy\" class=\"jkit-button-wrapper\">Detailed Information<\/a><\/div>\t\t\t\t<\/div>\n\t\t\t\t<\/div>\n\t\t<div data-particle_enable=\"false\" data-particle-mobile-disabled=\"false\" class=\"elementor-element elementor-element-41488b9 e-con-full e-flex e-con e-child\" data-id=\"41488b9\" data-element_type=\"container\" data-e-type=\"container\" data-settings=\"{&quot;ekit_has_onepagescroll_dot&quot;:&quot;yes&quot;}\">\n\t\t\t\t<div class=\"elementor-element elementor-element-19a9336 elementor-widget elementor-widget-image\" data-id=\"19a9336\" data-element_type=\"widget\" data-e-type=\"widget\" data-settings=\"{&quot;ekit_we_effect_on&quot;:&quot;none&quot;}\" data-widget_type=\"image.default\">\n\t\t\t\t\t\t\t\t\t\t\t\t\t\t\t<img decoding=\"async\" width=\"400\" height=\"300\" src=\"https:\/\/thepradoo.com\/wp-content\/uploads\/2025\/09\/Ticari-ve-Pazarlama-Stratejisi\u200b.webp\" class=\"attachment-full size-full wp-image-3344\" alt=\"Ticari ve Pazarlama Stratejisi\u200b\" srcset=\"https:\/\/thepradoo.com\/wp-content\/uploads\/2025\/09\/Ticari-ve-Pazarlama-Stratejisi\u200b.webp 400w, https:\/\/thepradoo.com\/wp-content\/uploads\/2025\/09\/Ticari-ve-Pazarlama-Stratejisi\u200b-300x225.webp 300w\" sizes=\"(max-width: 400px) 100vw, 400px\" title=\"\">\t\t\t\t\t\t\t\t\t\t\t\t\t\t\t<\/div>\n\t\t\t\t<div class=\"elementor-element elementor-element-641f247 elementor-widget elementor-widget-heading\" data-id=\"641f247\" data-element_type=\"widget\" data-e-type=\"widget\" data-settings=\"{&quot;ekit_we_effect_on&quot;:&quot;none&quot;}\" data-widget_type=\"heading.default\">\n\t\t\t\t\t<h2 class=\"elementor-heading-title elementor-size-default\">Commercial and Marketing Strategy<\/h2>\t\t\t\t<\/div>\n\t\t\t\t<div class=\"elementor-element elementor-element-29e512a elementor-widget elementor-widget-jkit_button\" data-id=\"29e512a\" data-element_type=\"widget\" data-e-type=\"widget\" data-settings=\"{&quot;ekit_we_effect_on&quot;:&quot;none&quot;}\" data-widget_type=\"jkit_button.default\">\n\t\t\t\t\t<div  class=\"jeg-elementor-kit jkit-button  icon-position-before jeg_module__1_6a02a706abcc9\" ><a href=\"https:\/\/thePRAD\u24deo.com\/en\/commercial-and-marketing-strategy\" class=\"jkit-button-wrapper\">Detailed Information<\/a><\/div>\t\t\t\t<\/div>\n\t\t\t\t<\/div>\n\t\t\t\t\t<\/div>\n\t\t\t\t<\/div>\n\t\t<div data-particle_enable=\"false\" data-particle-mobile-disabled=\"false\" class=\"elementor-element elementor-element-248ebf5 e-flex e-con-boxed e-con e-parent\" data-id=\"248ebf5\" data-element_type=\"container\" data-e-type=\"container\" data-settings=\"{&quot;background_background&quot;:&quot;classic&quot;,&quot;ekit_has_onepagescroll_dot&quot;:&quot;yes&quot;}\">\n\t\t\t\t\t<div class=\"e-con-inner\">\n\t\t\t\t<div class=\"elementor-element elementor-element-a4427b4 elementor-widget elementor-widget-image\" data-id=\"a4427b4\" data-element_type=\"widget\" data-e-type=\"widget\" data-settings=\"{&quot;ekit_we_effect_on&quot;:&quot;none&quot;}\" data-widget_type=\"image.default\">\n\t\t\t\t\t\t\t\t\t\t\t\t\t\t\t\t<a href=\"https:\/\/thePRAD\u24deo.com\/en\/our-services\">\n\t\t\t\t\t\t\t<img decoding=\"async\" width=\"600\" height=\"150\" src=\"https:\/\/thepradoo.com\/wp-content\/uploads\/2025\/10\/All-Services.webp\" class=\"attachment-large size-large wp-image-4179\" alt=\"All-Services\" srcset=\"https:\/\/thepradoo.com\/wp-content\/uploads\/2025\/10\/All-Services.webp 600w, https:\/\/thepradoo.com\/wp-content\/uploads\/2025\/10\/All-Services-300x75.webp 300w\" sizes=\"(max-width: 600px) 100vw, 600px\" title=\"\">\t\t\t\t\t\t\t\t<\/a>\n\t\t\t\t\t\t\t\t\t\t\t\t\t\t\t<\/div>\n\t\t\t\t\t<\/div>\n\t\t\t\t<\/div>\n\t\t\t\t<\/div>\n\t\t","protected":false},"excerpt":{"rendered":"<p>Home We increase your visibility and revenue with digital and commercial strategies. Online Sales and Digital Marketing Consultancy Detailed Information Commercial and Marketing Strategy Detailed Information<\/p>\n","protected":false},"author":2,"featured_media":0,"parent":0,"menu_order":0,"comment_status":"closed","ping_status":"closed","template":"","meta":{"footnotes":""},"class_list":["post-4041","page","type-page","status-publish","hentry"],"_links":{"self":[{"href":"https:\/\/thepradoo.com\/en\/wp-json\/wp\/v2\/pages\/4041","targetHints":{"allow":["GET"]}}],"collection":[{"href":"https:\/\/thepradoo.com\/en\/wp-json\/wp\/v2\/pages"}],"about":[{"href":"https:\/\/thepradoo.com\/en\/wp-json\/wp\/v2\/types\/page"}],"author":[{"embeddable":true,"href":"https:\/\/thepradoo.com\/en\/wp-json\/wp\/v2\/users\/2"}],"replies":[{"embeddable":true,"href":"https:\/\/thepradoo.com\/en\/wp-json\/wp\/v2\/comments?post=4041"}],"version-history":[{"count":12,"href":"https:\/\/thepradoo.com\/en\/wp-json\/wp\/v2\/pages\/4041\/revisions"}],"predecessor-version":[{"id":4207,"href":"https:\/\/thepradoo.com\/en\/wp-json\/wp\/v2\/pages\/4041\/revisions\/4207"}],"wp:attachment":[{"href":"https:\/\/thepradoo.com\/en\/wp-json\/wp\/v2\/media?parent=4041"}],"curies":[{"name":"wp","href":"https:\/\/api.w.org\/{rel}","templated":true}]}}